{"id":463,"date":"2025-01-30T21:36:41","date_gmt":"2025-01-30T21:36:41","guid":{"rendered":"https:\/\/mck.codocaine.com\/?page_id=463"},"modified":"2025-04-12T13:42:54","modified_gmt":"2025-04-12T13:42:54","slug":"centrum-konferencyjne","status":"publish","type":"page","link":"https:\/\/mck.codocaine.com\/en\/centrum-konferencyjne\/","title":{"rendered":"Konferencje, wymiany, zjazdy"},"content":{"rendered":"<div>\n\t<div class=\"subhero-content\">\n\t<div class=\"subhero-bottom\">\n\t\t\n\t<div class=\"lewa\">\n\t\t\t\t\t\t\t\t\t<div class=\"przyciski\">\n\t\t\t\t\t\t\t\t\t\t\n\t\t\t\t\t<a class=\"przycisk\" href=\"https:\/\/mck.codocaine.com\/en\/kontakt\/\" target=\"\"><span>Book an appointment<\/span><\/a>\n\t\t\t\t\t\t\t\t<\/div>\t\n\t\t\t\t\t\t\t<h1>Conferences, exchanges and science camps<\/h1>\n\t<\/div>\t\n\t\n\t\t<div class=\"prawa\">\t\n\t\t\t\t\t\t\t<div class=\"liczby\">\n\t\t\t\t\t\t\t\t\t\t\t\t<div class=\"liczby-container\">\n\t\t\t\t\t<div class=\"liczba\">\n\t\t\t\t\t\t<div class=\"counter count\">609<\/div>\n\t\t\t\t\t\t<div class=\"opis\">events in 2024<\/div>\n\t\t\t\t\t<\/div>\t\t\t\t\t\n\t\t\t\t\t\t\t\t\t\t\t\t\t\t\t\n\t\t\t\t\t<\/div> \n\t\t\t\t\t\t\t\t\t<div class=\"liczby-container\">\n\t\t\t\t\t<div class=\"liczba\">\n\t\t\t\t\t\t<div class=\"counter count\">23<\/div>\n\t\t\t\t\t\t<div class=\"opis\">conference and banquet halls<\/div>\n\t\t\t\t\t<\/div>\t\t\t\t\t\n\t\t\t\t\t\t\t\t\t\t\t\t\t\t\t\n\t\t\t\t\t<\/div> \n\t\t\t\t\t\t\t\t\t<div class=\"liczby-container\">\n\t\t\t\t\t<div class=\"liczba\">\n\t\t\t\t\t\t<div class=\"counter count\">221<\/div>\n\t\t\t\t\t\t<div class=\"opis\">places<br>accommodation<\/div>\n\t\t\t\t\t<\/div>\t\t\t\t\t\n\t\t\t\t\t\t\t\t\t\t\t\t\t\t\t\n\t\t\t\t\t<\/div> \n\t\t\t\t\t\t\t<\/div>\n\t\t\t\t\t\t\t<\/div>\t\t\n\t\t<\/div> \n\t<\/div>\n\t\t\t<img decoding=\"async\" class=\"hero_bg observe\" data-rellax-speed=\"3\" src=\"https:\/\/mck.codocaine.com\/wp-content\/uploads\/2025\/04\/miedzynarodowe-centurm-konferencyjne-krzyzowa-mck-sala-seminaryjna-swidnica-sala-bankietowa-krzyzowa-04.jpg\" \/>\n\t<\/div>\n\n\n\n\n<div id=\"dwie-kolumny-block_e68ce234697ef517f6f688a41ba397e3\" class=\"block-dwie-kolumny alignfull col2\">\n\t\t\t<div class=\"lewa\">\n\t\t\t\t\t\t\t\t\t<div class=\"edytor observe\"><p>For many years we have been organizing various industry and scientific conferences, camps and school exchanges, conventions, seminars and symposia - both at the regional, national and international level. Krzy\u017cowa is also a great place for proms, half-term parties and various school events.<\/p><\/div>\n\t\t\t\t\t\t<\/div>\t\n\t\t\t<div class=\"prawa\">\t\n\t\t\t\t\t\t\t<div class=\"edytor observe\"><\/div>\n\t\t\t\t<\/div>\t\t\n\t\n<\/div>\n\n\n\n\n<div id=\"dwie-kolumny-block_69bb218f28c29d231bacb99f747d98ff\" class=\"block-dwie-kolumny alignfull col2\">\n\t\t\t<div class=\"lewa\">\n\t\t\t\t\t\t\t\t\t<div class=\"obraz observe\">\n\t\t\t\t\t\t\t\t\t<img decoding=\"async\" src=\"https:\/\/mck.codocaine.com\/wp-content\/uploads\/2025\/04\/sala-konferencyjna-krzyzowa-swidnica-sala-bankietowa-miedzynarodowe-centrum-konferencyjne-krzyzowa-mck-fundacja-krzyzowa-dla-porozumienia-europejskiego.jpeg\" \/>\n\t\t\t\t\t\t\t\t\t\t\t\t<\/div>\n\t\t\t\t\t\t<\/div>\t\n\t\t\t<div class=\"prawa\">\t\n\t\t\t\t\t\t\t<h3>Conferences, seminars and symposia<\/h3>\n\t\t\t\n\t\t\t\t\t\t\t\t<div class=\"edytor observe\"><p>Every year, we organize a variety of industry and educational events \u2013 conferences, conventions, symposia, seminars, science camps, and specialized courses \u2013 for both small groups and those fully utilizing the potential of the Krzy\u017cowa conference center. Depending on your needs, we can offer standard catering, elegant banquets (indoors or in the garden), and even arrange bonfires and barbecues. The Krzy\u017cowa Foundation team includes many professional educators who can lead a variety of workshops for your groups. The palace complex includes a large sports hall, a multi-purpose outdoor playing field, playgrounds, and a space for more casual events, including a billiards table.<\/p><\/div>\n\t\t\t\t\t\t\t\t<div class=\"liczby observe\">\n\t\t\t\t\t\t\t\t\t\t\t\t\t\t\t\t\t<div class=\"liczby-container\">\n\t\t\t\t\t<div class=\"liczba\">\n\t\t\t\t\t\t<div class=\"counter count\">23<\/div>\n\t\t\t\t\t\t<div class=\"opis\">seminar and conference rooms<\/div>\n\t\t\t\t\t<\/div>\t\n\t\t\t\t\t\n\t\t\t\t\t\t\t\t\t\t\n\t\t\t\t\t<\/div> \n\t\t\t\t\t\t\t\t\t\t\t\t\t\t<div class=\"liczby-container lcw\">\n\t\t\t\t\t<div class=\"liczba\">\n\t\t\t\t\t\t<div class=\"counter count\">221<\/div>\n\t\t\t\t\t\t<div class=\"opis\">places to stay<\/div>\n\t\t\t\t\t<\/div>\t\n\t\t\t\t\t\n\t\t\t\t\t\t\t\t\t\t<div class=\"przyciski observe\">\t\t\n\t\t\t\t\t\t<a class=\"przycisk\" href=\"https:\/\/mck.codocaine.com\/en\/kontakt\/\" target=\"\"><span>Book an appointment<\/span><\/a>\n\t\t\t\t\t<\/div>\n\t\t\t\t\t\t\t\t\t\t\n\t\t\t\t\t<\/div> \n\t\t\t\t\t\t\t<\/div>\n\t\t\t\t\t\t\t<\/div>\t\t\n\t\n<\/div>\n\n\n\n\n<div id=\"dwie-kolumny-block_af297a11487fc4258e4b9c4b8518eae7\" class=\"block-dwie-kolumny alignfull col2\">\n\t\t\t<div class=\"lewa\">\n\t\t\t\t\t\t\t\t\t<div class=\"obraz observe\">\n\t\t\t\t\t\t\t\t\t<img decoding=\"async\" src=\"https:\/\/mck.codocaine.com\/wp-content\/uploads\/2025\/04\/wymiana-mlodziezy-fundacja-krzyzowa-wymiana-szkolna-miedzynarodowa-mck-krzyzowa-swidnica-scaled.jpeg\" \/>\n\t\t\t\t\t\t\t\t\t\t\t\t<\/div>\n\t\t\t\t\t\t<\/div>\t\n\t\t\t<div class=\"prawa\">\t\n\t\t\t\t\t\t\t<h3>School exchanges and projects for young adults<\/h3>\n\t\t\t\n\t\t\t\t\t\t\t\t<div class=\"edytor observe\"><p><a href=\"https:\/\/www.krzyzowa.pl\/pl\/dzialalnosc\/mdsm\/wprowadzenie\" target=\"_blank\" rel=\"noopener\">International Youth Meeting House<\/a> run by the Krzy\u017cowa Foundation, offers a wide range of educational and integration programs aimed at young people, teachers and social organizations. The offer includes historical workshops, international exchange projects and training in the field of civic education and human rights. The park and palace complex in Krzy\u017cowa provides comfortable accommodation and catering facilities, enabling the implementation of multi-day meetings and conferences. Thanks to its unique location in a historic, historical place and the involvement of experienced educators, the MDSM creates a space for intercultural dialogue and building understanding beyond divisions.<\/p><\/div>\n\t\t\t\t\t\t\t\t<div class=\"liczby observe\">\n\t\t\t\t\t\t\t\t\t\t\t\t\t\t\t\t\t<div class=\"liczby-container\">\n\t\t\t\t\t<div class=\"liczba\">\n\t\t\t\t\t\t<div class=\"counter count\">23<\/div>\n\t\t\t\t\t\t<div class=\"opis\">seminar and conference rooms<\/div>\n\t\t\t\t\t<\/div>\t\n\t\t\t\t\t\n\t\t\t\t\t\t\t\t\t\t\n\t\t\t\t\t<\/div> \n\t\t\t\t\t\t\t\t\t\t\t\t\t\t<div class=\"liczby-container lcw\">\n\t\t\t\t\t<div class=\"liczba\">\n\t\t\t\t\t\t<div class=\"counter count\">221<\/div>\n\t\t\t\t\t\t<div class=\"opis\">places to stay<\/div>\n\t\t\t\t\t<\/div>\t\n\t\t\t\t\t\n\t\t\t\t\t\t\t\t\t\t<div class=\"przyciski observe\">\t\t\n\t\t\t\t\t\t<a class=\"przycisk\" href=\"https:\/\/www.krzyzowa.pl\/pl\/dzialalnosc\/mdsm\/szkolne-i-pozaszkolne-wymiany-mlodziezy\/informacje-ogolne#zglos-chec-udzialu\" target=\"_blank\"><span>Contact<\/span><\/a>\n\t\t\t\t\t<\/div>\n\t\t\t\t\t\t\t\t\t\t\n\t\t\t\t\t<\/div> \n\t\t\t\t\t\t\t<\/div>\n\t\t\t\t\t\t\t<\/div>\t\t\n\t\n<\/div>\n\n\n\n\n<div id=\"dwie-kolumny-block_f0bc202640a844b7a1ec844fe77993fd\" class=\"block-dwie-kolumny alignfull col2\">\n\t\t\t<div class=\"lewa\">\n\t\t\t\t\t\t\t\t\t<div class=\"obraz observe\">\n\t\t\t\t\t\t\t\t\t<img decoding=\"async\" src=\"https:\/\/mck.codocaine.com\/wp-content\/uploads\/2025\/04\/studniowka-sala-na-studniowke-sala-weselna-sala-polmetek-swidnica-krzyzowa-sala-miedzynarodowe-centrum-konferencyjne-krzyzowa.jpg\" \/>\n\t\t\t\t\t\t\t\t\t\t\t\t<\/div>\n\t\t\t\t\t\t<\/div>\t\n\t\t\t<div class=\"prawa\">\t\n\t\t\t\t\t\t\t<h3>Proms and half-term parties<\/h3>\n\t\t\t\n\t\t\t\t\t\t\t\t<div class=\"edytor observe\"><p>We have extensive experience organizing proms and midterms for high schools across the Lower Silesian Voivodeship \u2013 particularly in \u015awidnica, Dzier\u017coni\u00f3w, K\u0142odzko, and Wa\u0142brzych. The stunning Multi-Purpose Hall, nestled within a historic park and palace complex, gives the most important school events a unique atmosphere. Modern lighting, a sound system, and a professional projector will help create a truly enjoyable experience.<\/p><\/div>\n\t\t\t\t\t\t\t\t<div class=\"liczby observe\">\n\t\t\t\t\t\t\t\t\t\t\t\t\t\t\t\t\t<div class=\"liczby-container\">\n\t\t\t\t\t<div class=\"liczba\">\n\t\t\t\t\t\t<div class=\"counter count\">225<\/div>\n\t\t\t\t\t\t<div class=\"opis\">guests during the prom<\/div>\n\t\t\t\t\t<\/div>\t\n\t\t\t\t\t\n\t\t\t\t\t\t\t\t\t\t\n\t\t\t\t\t<\/div> \n\t\t\t\t\t\t\t\t\t\t\t\t\t\t<div class=\"liczby-container lcw\">\n\t\t\t\t\t<div class=\"liczba\">\n\t\t\t\t\t\t<div class=\"counter count\">221<\/div>\n\t\t\t\t\t\t<div class=\"opis\">places to stay<\/div>\n\t\t\t\t\t<\/div>\t\n\t\t\t\t\t\n\t\t\t\t\t\t\t\t\t\t<div class=\"przyciski observe\">\t\t\n\t\t\t\t\t\t<a class=\"przycisk\" href=\"https:\/\/mck.codocaine.com\/en\/kontakt\/\" target=\"\"><span>Book now<\/span><\/a>\n\t\t\t\t\t<\/div>\n\t\t\t\t\t\t\t\t\t\t\n\t\t\t\t\t<\/div> \n\t\t\t\t\t\t\t<\/div>\n\t\t\t\t\t\t\t<\/div>\t\t\n\t\n<\/div>\n\n\n\n<div id=\"galeria-block_7485cd34c8fb661bde5dadd8a73547a8\" class=\"block-galeria alignfull\">\n\t\t\t<div class=\"galeria\">\t\n\t\t\t\t\t<a class=\"gallery-item\" data-fancybox=\"gallery-a\"  href=\"https:\/\/mck.codocaine.com\/wp-content\/uploads\/2025\/03\/IMG_3927-scaled.jpeg\">\n\t\t\t\t<img decoding=\"async\" src=\"https:\/\/mck.codocaine.com\/wp-content\/uploads\/2025\/03\/IMG_3927-1024x768.jpeg\" alt=\"\" \/>\n\t\t\t\t<span class=\"caption\"><\/span>\n\t\t\t<\/a>\n\t\t\t\t\t<a class=\"gallery-item\" data-fancybox=\"gallery-a\"  href=\"https:\/\/mck.codocaine.com\/wp-content\/uploads\/2025\/04\/sala-konferencyjna-krzyzowa-swidnica-sala-bankietowa-miedzynarodowe-centrum-konferencyjne-krzyzowa-mck-fundacja-krzyzowa-dla-porozumienia-europejskiego.jpeg\">\n\t\t\t\t<img decoding=\"async\" src=\"https:\/\/mck.codocaine.com\/wp-content\/uploads\/2025\/04\/sala-konferencyjna-krzyzowa-swidnica-sala-bankietowa-miedzynarodowe-centrum-konferencyjne-krzyzowa-mck-fundacja-krzyzowa-dla-porozumienia-europejskiego-1024x683.jpeg\" alt=\"\" \/>\n\t\t\t\t<span class=\"caption\"><\/span>\n\t\t\t<\/a>\n\t\t\t\t\t<a class=\"gallery-item\" data-fancybox=\"gallery-a\"  href=\"https:\/\/mck.codocaine.com\/wp-content\/uploads\/2025\/03\/ognisko-integracja-krzyzowa-swidnica-impreza-integracyjna-firmowa-sala-centrum-konferencyjne-krzyzowa-mck-scaled.jpg\">\n\t\t\t\t<img decoding=\"async\" src=\"https:\/\/mck.codocaine.com\/wp-content\/uploads\/2025\/03\/ognisko-integracja-krzyzowa-swidnica-impreza-integracyjna-firmowa-sala-centrum-konferencyjne-krzyzowa-mck-1024x683.jpg\" alt=\"\" \/>\n\t\t\t\t<span class=\"caption\"><\/span>\n\t\t\t<\/a>\n\t\t\t\t\t<a class=\"gallery-item\" data-fancybox=\"gallery-a\"  href=\"https:\/\/mck.codocaine.com\/wp-content\/uploads\/2025\/02\/miedzynarodowe-centrum-konferencyjne-krzyzowa-swidnica-sala-konferencyjna-bankietowa-sala-seminaryjna-dolny-slask-02-scaled.jpg\">\n\t\t\t\t<img decoding=\"async\" src=\"https:\/\/mck.codocaine.com\/wp-content\/uploads\/2025\/02\/miedzynarodowe-centrum-konferencyjne-krzyzowa-swidnica-sala-konferencyjna-bankietowa-sala-seminaryjna-dolny-slask-02-1024x683.jpg\" alt=\"\" \/>\n\t\t\t\t<span class=\"caption\"><\/span>\n\t\t\t<\/a>\n\t\t\t\t\t<a class=\"gallery-item\" data-fancybox=\"gallery-a\"  href=\"https:\/\/mck.codocaine.com\/wp-content\/uploads\/2025\/02\/Sala-sportowa\u2013Miedzynarodowe-centrum-konferencyjne-krzyzowa-sala-weselna-krzyzowa-sala-bankietowa-konferencyjna-sala-szkoleniowa-swidnica-wroclaw-palac-dolny-slask.jpg-7-scaled.jpg\">\n\t\t\t\t<img decoding=\"async\" src=\"https:\/\/mck.codocaine.com\/wp-content\/uploads\/2025\/02\/Sala-sportowa\u2013Miedzynarodowe-centrum-konferencyjne-krzyzowa-sala-weselna-krzyzowa-sala-bankietowa-konferencyjna-sala-szkoleniowa-swidnica-wroclaw-palac-dolny-slask.jpg-7-1024x683.jpg\" alt=\"\" \/>\n\t\t\t\t<span class=\"caption\"><\/span>\n\t\t\t<\/a>\n\t\t\t\t\t<a class=\"gallery-item\" data-fancybox=\"gallery-a\"  href=\"https:\/\/mck.codocaine.com\/wp-content\/uploads\/2025\/03\/piwnica-palac\u2013Miedzynarodowe-centrum-konferencyjne-krzyzowa-sala-weselna-krzyzowa-sala-bankietowa-konferencyjna-sala-szkoleniowa-swidnica-wroclaw-palac-dolny-slask-6-scaled.jpg\">\n\t\t\t\t<img decoding=\"async\" src=\"https:\/\/mck.codocaine.com\/wp-content\/uploads\/2025\/03\/piwnica-palac\u2013Miedzynarodowe-centrum-konferencyjne-krzyzowa-sala-weselna-krzyzowa-sala-bankietowa-konferencyjna-sala-szkoleniowa-swidnica-wroclaw-palac-dolny-slask-6-1024x683.jpg\" alt=\"\" \/>\n\t\t\t\t<span class=\"caption\"><\/span>\n\t\t\t<\/a>\n\t\t\t<\/div>\t\n\t<\/div>\n\n\n\n\n<div  class=\"image_bg observe  margines_dolny narrow\" \nstyle=\"background-image: url();\" id=\"zdjecie-i-naglowek-block_4710d9d3610cf818b3cce4e0ab970cb6\">\n\n\t<div class=\"image_bg_content\">\n\t\t<h3>Let&#039;s talk about the offer<\/h3>\n\t\t\t\t\t\t\t\t\t\t\t\t\t\t\t<a class=\"przycisk\" href=\"https:\/\/mck.codocaine.com\/en\/kontakt\/\" target=\"\"><span>Contact<\/span><\/a>\n\t\t\t\t\t\t\n\t\t\n\t<\/div>\n<\/div>","protected":false},"excerpt":{"rendered":"","protected":false},"author":1,"featured_media":0,"parent":0,"menu_order":0,"comment_status":"closed","ping_status":"closed","template":"","meta":{"_acf_changed":false,"inline_featured_image":false,"footnotes":""},"class_list":["post-463","page","type-page","status-publish","hentry"],"acf":[],"_links":{"self":[{"href":"https:\/\/mck.codocaine.com\/en\/wp-json\/wp\/v2\/pages\/463","targetHints":{"allow":["GET"]}}],"collection":[{"href":"https:\/\/mck.codocaine.com\/en\/wp-json\/wp\/v2\/pages"}],"about":[{"href":"https:\/\/mck.codocaine.com\/en\/wp-json\/wp\/v2\/types\/page"}],"author":[{"embeddable":true,"href":"https:\/\/mck.codocaine.com\/en\/wp-json\/wp\/v2\/users\/1"}],"replies":[{"embeddable":true,"href":"https:\/\/mck.codocaine.com\/en\/wp-json\/wp\/v2\/comments?post=463"}],"version-history":[{"count":87,"href":"https:\/\/mck.codocaine.com\/en\/wp-json\/wp\/v2\/pages\/463\/revisions"}],"predecessor-version":[{"id":2295,"href":"https:\/\/mck.codocaine.com\/en\/wp-json\/wp\/v2\/pages\/463\/revisions\/2295"}],"wp:attachment":[{"href":"https:\/\/mck.codocaine.com\/en\/wp-json\/wp\/v2\/media?parent=463"}],"curies":[{"name":"wp","href":"https:\/\/api.w.org\/{rel}","templated":true}]}}