{"id":763,"date":"2025-03-14T11:03:59","date_gmt":"2025-03-14T11:03:59","guid":{"rendered":"https:\/\/mck.codocaine.com\/?page_id=763"},"modified":"2025-04-12T13:37:38","modified_gmt":"2025-04-12T13:37:38","slug":"hotel","status":"publish","type":"page","link":"https:\/\/mck.codocaine.com\/en\/hotel\/","title":{"rendered":"Hotel"},"content":{"rendered":"<div>\n\t<div class=\"subhero-content\">\n\t<div class=\"subhero-bottom\">\n\t\t\n\t<div class=\"lewa\">\n\t\t\t\t\t\t\t\t\t<div class=\"przyciski\">\n\t\t\t\t\t\t\t\t\t\t\n\t\t\t\t\t<a class=\"przycisk\" href=\"https:\/\/mck.codocaine.com\/en\/kontakt\/\" target=\"\"><span>Book an appointment<\/span><\/a>\n\t\t\t\t\t\t\t\t<\/div>\t\n\t\t\t\t\t\t\t<h1>Unique Guest Accommodation<\/h1>\n\t<\/div>\t\n\t\n\t\t<div class=\"prawa\">\t\n\t\t\t\t\t\t\t<div class=\"liczby\">\n\t\t\t\t\t\t\t\t\t\t\t\t<div class=\"liczby-container\">\n\t\t\t\t\t<div class=\"liczba\">\n\t\t\t\t\t\t<div class=\"counter count\">11<\/div>\n\t\t\t\t\t\t<div class=\"opis\">historical buildings<\/div>\n\t\t\t\t\t<\/div>\t\t\t\t\t\n\t\t\t\t\t\t\t\t\t\t\t\t\t\t\t\n\t\t\t\t\t<\/div> \n\t\t\t\t\t\t\t\t\t<div class=\"liczby-container\">\n\t\t\t\t\t<div class=\"liczba\">\n\t\t\t\t\t\t<div class=\"counter count\">84<\/div>\n\t\t\t\t\t\t<div class=\"opis\">hotel rooms<\/div>\n\t\t\t\t\t<\/div>\t\t\t\t\t\n\t\t\t\t\t\t\t\t\t\t\t\t\t\t\t\n\t\t\t\t\t<\/div> \n\t\t\t\t\t\t\t\t\t<div class=\"liczby-container\">\n\t\t\t\t\t<div class=\"liczba\">\n\t\t\t\t\t\t<div class=\"counter count\">221<\/div>\n\t\t\t\t\t\t<div class=\"opis\">places to stay<\/div>\n\t\t\t\t\t<\/div>\t\t\t\t\t\n\t\t\t\t\t\t\t\t\t\t\t\t\t\t\t\n\t\t\t\t\t<\/div> \n\t\t\t\t\t\t\t<\/div>\n\t\t\t\t\t\t\t<\/div>\t\t\n\t\t<\/div> \n\t<\/div>\n\t\t\t<img decoding=\"async\" class=\"hero_bg observe\" data-rellax-speed=\"3\" src=\"https:\/\/mck.codocaine.com\/wp-content\/uploads\/2025\/03\/stajnia-krzyzowa-wesele-sala-bankietowa-sala-weselna-konferencja-dolny-slask-palac-slub-mck-scaled.jpg\" \/>\n\t<\/div>\n\n\n\n<div id=\"blok-elastyczny-block_a98a5698fa2ef3d66d67571482a8d7a3\" class=\"block-blok-elastyczny alignfull elastic\">\n\t\n\t\n\t\t\t\t\t\t\t\t\t<div class=\"ikony observe\">\n\t\t\t\t\t\t\t\t\t\t\t\t\t\t\t<div class=\"icon\">\n\t\t\t\t\t\t\t<div class=\"ikona\">\n\t\t\t\t\t\t\t\t\t\t\t\t\t\t<span class=\"material-symbols-outlined\">\n\t\t\t\t\t\t\t\trestaurant\t\t\t\t\t\t\t<\/span>\n\t\t\t\t\t\t\t\t\t\t\t\t\t\t<\/div>\n\t\t\t\t\t\t\t<div class=\"ikona_opis\">\n\t\t\t\t\t\t\tBed and breakfast\t\t\t\t\t\t\t<\/div>\n\t\t\t\t\t\t<\/div>\n\t\t\t\t\t\t\t\t\t\t\t<div class=\"icon\">\n\t\t\t\t\t\t\t<div class=\"ikona\">\n\t\t\t\t\t\t\t\t\t\t\t\t\t\t<span class=\"material-symbols-outlined\">\n\t\t\t\t\t\t\t\tsprint\t\t\t\t\t\t\t<\/span>\n\t\t\t\t\t\t\t\t\t\t\t\t\t\t<\/div>\n\t\t\t\t\t\t\t<div class=\"ikona_opis\">\n\t\t\t\t\t\t\tSports infrastructure\t\t\t\t\t\t\t<\/div>\n\t\t\t\t\t\t<\/div>\n\t\t\t\t\t\t\t\t\t\t\t<div class=\"icon\">\n\t\t\t\t\t\t\t<div class=\"ikona\">\n\t\t\t\t\t\t\t\t\t\t\t\t\t\t<span class=\"material-symbols-outlined\">\n\t\t\t\t\t\t\t\tlocal_fire_department\t\t\t\t\t\t\t<\/span>\n\t\t\t\t\t\t\t\t\t\t\t\t\t\t<\/div>\n\t\t\t\t\t\t\t<div class=\"ikona_opis\">\n\t\t\t\t\t\t\tBarbecue and bonfire area\t\t\t\t\t\t\t<\/div>\n\t\t\t\t\t\t<\/div>\n\t\t\t\t\t\t\t\t\t\t\t<div class=\"icon\">\n\t\t\t\t\t\t\t<div class=\"ikona\">\n\t\t\t\t\t\t\t\t\t\t\t\t\t\t<span class=\"material-symbols-outlined\">\n\t\t\t\t\t\t\t\tHiking\t\t\t\t\t\t\t<\/span>\n\t\t\t\t\t\t\t\t\t\t\t\t\t\t<\/div>\n\t\t\t\t\t\t\t<div class=\"ikona_opis\">\n\t\t\t\t\t\t\tMonuments and walking routes\t\t\t\t\t\t\t<\/div>\n\t\t\t\t\t\t<\/div>\n\t\t\t\t\t\t\t\t\t<\/div>\n\t\t\t\t\t\t\t\t\t\t<\/div>\n\n\n\n\n<div id=\"dwie-kolumny-block_3bb25bd21c95ea955c9b2809c628c86d\" class=\"block-dwie-kolumny alignfull col2\">\n\t\t\t<div class=\"lewa\">\n\t\t\t\t\t\t\t\t\t<div class=\"edytor observe\"><p>8 km from \u015awidnica and 56 km from Wroc\u0142aw is a historic park and palace complex in Krzy\u017cowa, situated among the charming hills of the Sudeten Foreland. The picturesque village captivates at any time of year, and the historic buildings provide comfortable conditions for work, fun and rest from the city. We offer 221 beds in 84 rooms, some of which are adapted for people with disabilities.<\/p><\/div>\n\t\t\t\t\t\t<\/div>\t\n\t\t\t<div class=\"prawa\">\t\n\t\t\t\t\t\t\t<div class=\"edytor observe\"><\/div>\n\t\t\t\t<\/div>\t\t\n\t\n<\/div>\n\n\n\n\n<div  class=\"image_bg observe   pb0 mh0 noimg\" \nstyle=\"background-image: url();\" id=\"zdjecie-i-naglowek-block_20d2bfd3f50d7ea1770422cf958ffa99\">\n\n\t<div class=\"image_bg_content\">\n\t\t<h3>The rooms are located in buildings that have retained their historical names:<\/h3>\n\t\t\t\t\t\t\n\t\t\n\t<\/div>\n<\/div>\n\n\n\n\n<ul class=\"budynki\"><li><a class=\"budynek_link\" href=\"https:\/\/mck.codocaine.com\/en\/budynek\/obora\/\"><\/a><img decoding=\"async\" src=\"https:\/\/mck.codocaine.com\/wp-content\/uploads\/2025\/03\/obora-miedzynarodowe-centrum-konferencyjne-krzyzowa-scaled.jpg\" alt=\"\" \/><div class=\"btop\"><div class=\"budynek-title\">Cowshed<\/div><div class=\"miejsc\">places to sleep: 99<\/div><\/div><span class=\"lista-header\">Rooms:<\/span><ul class=\"lista-pok\"><li>2 <span class=\"xs\">&nbsp;x<\/span> <div class=\"typ_pokoju\"><span><img decoding=\"async\" src=\"\/wp-content\/themes\/codocaine\/assets\/img\/person.svg\"\/><\/span><\/div><\/li><li>4 <span class=\"xs\">&nbsp;x<\/span> <div class=\"typ_pokoju\"><span><img decoding=\"async\" src=\"\/wp-content\/themes\/codocaine\/assets\/img\/person.svg\"\/><\/span><span><img decoding=\"async\" src=\"\/wp-content\/themes\/codocaine\/assets\/img\/person.svg\"\/><\/span><span><img decoding=\"async\" src=\"\/wp-content\/themes\/codocaine\/assets\/img\/person.svg\"\/><\/span><\/div><\/li><li>20 <span class=\"xs\">&nbsp;x<\/span> <div class=\"typ_pokoju\"><span><img decoding=\"async\" src=\"\/wp-content\/themes\/codocaine\/assets\/img\/person.svg\"\/><\/span><span><img decoding=\"async\" src=\"\/wp-content\/themes\/codocaine\/assets\/img\/person.svg\"\/><\/span><span><img decoding=\"async\" src=\"\/wp-content\/themes\/codocaine\/assets\/img\/person.svg\"\/><\/span><span><img decoding=\"async\" src=\"\/wp-content\/themes\/codocaine\/assets\/img\/person.svg\"\/><\/span><\/div><\/li><li>1 <span class=\"xs\">&nbsp;x<\/span> <div class=\"typ_pokoju\"><span><img decoding=\"async\" src=\"\/wp-content\/themes\/codocaine\/assets\/img\/person.svg\"\/><\/span><span><img decoding=\"async\" src=\"\/wp-content\/themes\/codocaine\/assets\/img\/person.svg\"\/><\/span><span><img decoding=\"async\" src=\"\/wp-content\/themes\/codocaine\/assets\/img\/person.svg\"\/><\/span><span><img decoding=\"async\" src=\"\/wp-content\/themes\/codocaine\/assets\/img\/person.svg\"\/><\/span><span><img decoding=\"async\" src=\"\/wp-content\/themes\/codocaine\/assets\/img\/person.svg\"\/><\/span><\/div><\/li><\/ul><\/li><li><a class=\"budynek_link\" href=\"https:\/\/mck.codocaine.com\/en\/budynek\/spichlerz\/\"><\/a><img decoding=\"async\" src=\"https:\/\/mck.codocaine.com\/wp-content\/uploads\/2025\/03\/spichlerz-krzyzowa-wesele-sala-bankietowa-sala-weselna-konferencja-dolny-slask-palac-slub-mck-scaled.jpg\" alt=\"\" \/><div class=\"btop\"><div class=\"budynek-title\">Granary<\/div><div class=\"miejsc\">places to sleep: 43<\/div><\/div><span class=\"lista-header\">Rooms:<\/span><ul class=\"lista-pok\"><li>5 <span class=\"xs\">&nbsp;x<\/span> <div class=\"typ_pokoju\"><span><img decoding=\"async\" src=\"\/wp-content\/themes\/codocaine\/assets\/img\/person.svg\"\/><\/span><\/div><\/li><li>19 <span class=\"xs\">&nbsp;x<\/span> <div class=\"typ_pokoju\"><span><img decoding=\"async\" src=\"\/wp-content\/themes\/codocaine\/assets\/img\/person.svg\"\/><\/span><span><img decoding=\"async\" src=\"\/wp-content\/themes\/codocaine\/assets\/img\/person.svg\"\/><\/span><\/div><\/li><\/ul><\/li><li><a class=\"budynek_link\" href=\"https:\/\/mck.codocaine.com\/en\/budynek\/stajnia\/\"><\/a><img decoding=\"async\" src=\"https:\/\/mck.codocaine.com\/wp-content\/uploads\/2025\/03\/stajnia-krzyzowa-wesele-sala-bankietowa-sala-weselna-konferencja-dolny-slask-palac-slub-mck-scaled.jpg\" alt=\"\" \/><div class=\"btop\"><div class=\"budynek-title\">Stable<\/div><div class=\"miejsc\">places to sleep: 49<\/div><\/div><span class=\"lista-header\">Rooms:<\/span><ul class=\"lista-pok\"><li>2 <span class=\"xs\">&nbsp;x<\/span> <div class=\"typ_pokoju\"><span><img decoding=\"async\" src=\"\/wp-content\/themes\/codocaine\/assets\/img\/person.svg\"\/><\/span><\/div><\/li><li>6 <span class=\"xs\">&nbsp;x<\/span> <div class=\"typ_pokoju\"><span><img decoding=\"async\" src=\"\/wp-content\/themes\/codocaine\/assets\/img\/person.svg\"\/><\/span><span><img decoding=\"async\" src=\"\/wp-content\/themes\/codocaine\/assets\/img\/person.svg\"\/><\/span><\/div><\/li><li>9 <span class=\"xs\">&nbsp;x<\/span> <div class=\"typ_pokoju\"><span><img decoding=\"async\" src=\"\/wp-content\/themes\/codocaine\/assets\/img\/person.svg\"\/><\/span><span><img decoding=\"async\" src=\"\/wp-content\/themes\/codocaine\/assets\/img\/person.svg\"\/><\/span><span><img decoding=\"async\" src=\"\/wp-content\/themes\/codocaine\/assets\/img\/person.svg\"\/><\/span><\/div><\/li><li>2 <span class=\"xs\">&nbsp;x<\/span> <div class=\"typ_pokoju\"><span><img decoding=\"async\" src=\"\/wp-content\/themes\/codocaine\/assets\/img\/person.svg\"\/><\/span><span><img decoding=\"async\" src=\"\/wp-content\/themes\/codocaine\/assets\/img\/person.svg\"\/><\/span><span><img decoding=\"async\" src=\"\/wp-content\/themes\/codocaine\/assets\/img\/person.svg\"\/><\/span><span><img decoding=\"async\" src=\"\/wp-content\/themes\/codocaine\/assets\/img\/person.svg\"\/><\/span><\/div><\/li><\/ul><\/li><li><a class=\"budynek_link\" href=\"https:\/\/mck.codocaine.com\/en\/budynek\/dom-ogrodnika\/\"><\/a><img decoding=\"async\" src=\"https:\/\/mck.codocaine.com\/wp-content\/uploads\/2025\/03\/dom-ogrodnika-apartament-nowozencow-slub-i-wesele-krzyzowa-swidnica-palac-dolny-slask-wesele-mck-krzyzowa-2-scaled.jpg\" alt=\"\" \/><div class=\"btop\"><div class=\"budynek-title\">The Gardener&#039;s House<\/div><div class=\"miejsc\">places to sleep: 11<\/div><\/div><span class=\"lista-header\">Rooms:<\/span><ul class=\"lista-pok\"><li>1 <span class=\"xs\">&nbsp;x<\/span> <div class=\"typ_pokoju\"><span><img decoding=\"async\" src=\"\/wp-content\/themes\/codocaine\/assets\/img\/person.svg\"\/><\/span><\/div><\/li><li>5 <span class=\"xs\">&nbsp;x<\/span> <div class=\"typ_pokoju\"><span><img decoding=\"async\" src=\"\/wp-content\/themes\/codocaine\/assets\/img\/person.svg\"\/><\/span><span><img decoding=\"async\" src=\"\/wp-content\/themes\/codocaine\/assets\/img\/person.svg\"\/><\/span><\/div><\/li><\/ul><\/li><li><a class=\"budynek_link\" href=\"https:\/\/mck.codocaine.com\/en\/budynek\/kuznia\/\"><\/a><img decoding=\"async\" src=\"https:\/\/mck.codocaine.com\/wp-content\/uploads\/2025\/03\/kuznia-miedzynarodowe-centrum-konferencyjne-krzyzowa-wesele-swidnica-slub-sala-konferencyjna-mck-scaled.jpg\" alt=\"\" \/><div class=\"btop\"><div class=\"budynek-title\">Forge<\/div><div class=\"miejsc\">places to sleep: 19<\/div><\/div><span class=\"lista-header\">Rooms:<\/span><ul class=\"lista-pok\"><li>1 <span class=\"xs\">&nbsp;x<\/span> <div class=\"typ_pokoju\"><span><img decoding=\"async\" src=\"\/wp-content\/themes\/codocaine\/assets\/img\/person.svg\"\/><\/span><\/div><\/li><li>3 <span class=\"xs\">&nbsp;x<\/span> <div class=\"typ_pokoju\"><span><img decoding=\"async\" src=\"\/wp-content\/themes\/codocaine\/assets\/img\/person.svg\"\/><\/span><span><img decoding=\"async\" src=\"\/wp-content\/themes\/codocaine\/assets\/img\/person.svg\"\/><\/span><\/div><\/li><li>4 <span class=\"xs\">&nbsp;x<\/span> <div class=\"typ_pokoju\"><span><img decoding=\"async\" src=\"\/wp-content\/themes\/codocaine\/assets\/img\/person.svg\"\/><\/span><span><img decoding=\"async\" src=\"\/wp-content\/themes\/codocaine\/assets\/img\/person.svg\"\/><\/span><span><img decoding=\"async\" src=\"\/wp-content\/themes\/codocaine\/assets\/img\/person.svg\"\/><\/span><\/div><\/li><\/ul><\/li><\/ul>\n\n\n\n<div class=\"cta_buttons observe\">\n\t\n<a href=\"javascript:history.back()\" class=\"backb przycisk\"><span>Return<\/span><\/a>\t\n\n\t\t\t<a class=\"cta_btn przycisk\" href=\"https:\/\/mck.codocaine.com\/en\/kontakt\/\" target=\"\"><span>Contact us<\/span><\/a>\n<\/div>\n\n\n\n\n<div  class=\"image_bg observe   noimg\" \nstyle=\"background-image: url();\" id=\"zdjecie-i-naglowek-block_6742a2851cf452db9c21e18108f1db9a\">\n\n\t<div class=\"image_bg_content\">\n\t\t<h3>Let&#039;s talk about the offer<\/h3>\n\t\t\t\t\t\t\t\t\t\t\t\t\t\t\t<a class=\"przycisk\" href=\"https:\/\/mck.codocaine.com\/en\/kontakt\/\" target=\"\"><span>Express quote<\/span><\/a>\n\t\t\t\t\t\t\n\t\t\n\t<\/div>\n<\/div>","protected":false},"excerpt":{"rendered":"","protected":false},"author":1,"featured_media":586,"parent":0,"menu_order":0,"comment_status":"closed","ping_status":"closed","template":"","meta":{"_acf_changed":false,"inline_featured_image":false,"footnotes":""},"class_list":["post-763","page","type-page","status-publish","has-post-thumbnail","hentry"],"acf":[],"_links":{"self":[{"href":"https:\/\/mck.codocaine.com\/en\/wp-json\/wp\/v2\/pages\/763","targetHints":{"allow":["GET"]}}],"collection":[{"href":"https:\/\/mck.codocaine.com\/en\/wp-json\/wp\/v2\/pages"}],"about":[{"href":"https:\/\/mck.codocaine.com\/en\/wp-json\/wp\/v2\/types\/page"}],"author":[{"embeddable":true,"href":"https:\/\/mck.codocaine.com\/en\/wp-json\/wp\/v2\/users\/1"}],"replies":[{"embeddable":true,"href":"https:\/\/mck.codocaine.com\/en\/wp-json\/wp\/v2\/comments?post=763"}],"version-history":[{"count":41,"href":"https:\/\/mck.codocaine.com\/en\/wp-json\/wp\/v2\/pages\/763\/revisions"}],"predecessor-version":[{"id":2293,"href":"https:\/\/mck.codocaine.com\/en\/wp-json\/wp\/v2\/pages\/763\/revisions\/2293"}],"wp:featuredmedia":[{"embeddable":true,"href":"https:\/\/mck.codocaine.com\/en\/wp-json\/wp\/v2\/media\/586"}],"wp:attachment":[{"href":"https:\/\/mck.codocaine.com\/en\/wp-json\/wp\/v2\/media?parent=763"}],"curies":[{"name":"wp","href":"https:\/\/api.w.org\/{rel}","templated":true}]}}